{"id":204,"date":"2018-05-25T23:00:13","date_gmt":"2018-05-25T21:00:13","guid":{"rendered":"https:\/\/www.puul.de\/?page_id=204"},"modified":"2025-10-27T22:46:32","modified_gmt":"2025-10-27T21:46:32","slug":"privacy-policy","status":"publish","type":"page","link":"https:\/\/www.puul.de\/?page_id=204","title":{"rendered":"Privacy Policy"},"content":{"rendered":"\n<div align=\"left\"><span style=\"color: #595959; font-family: Arial; font-size: small;\"><strong>English<\/strong><br\/>This <strong>data protection declaration<\/strong> applies to the Internet offer. It is responsible for the contents of this internet offer. References to external contents are marked (see below).<br \/>\n<br \/>\nData processing on behalf of<br \/>\nPUUL Consultancy<br \/>Christiane Voith<br \/>Am Stadtbrunnen 2<br \/>\n34513 Waldeck<br \/>\nGermany<br \/>\n<br \/>\nThe internet provider Strato AG works as a technical service provider following the order data processing. No storage and processing of personal data beyond that described in this declaration will take place.<br \/>\n<br \/>\n<p><strong>Collection of usage data\/usage analysis<\/strong><br \/>When you access our website, we record the following data in a log file:\u2028\u2028 IP address in anonymized (abbreviated) form &#8211; time of access &#8211; page accessed or name of the file accessed (URL) &#8211; status information (e.g. error codes) &#8211; data volume transmitted &#8211; browser information (web browser, operating system, language setting, etc.)<br \/>\nThe data is used exclusively for our statistical purposes. The data will not be passed on to third parties. This website does not use techniques aimed at evaluating the access behavior of individual users. Personal user profiles are not created.<br \/>\n<br \/>\n<strong>Links to other websites<\/strong><br \/>\nOur internet provider contains links to contents of other providers. These can be identified by the indication of explicit links (e.g. www.website.com), by the corresponding notes in the text or the marking with the symbol. External links are also opened in a separate browser window. The use of this external content may be subject to different requirements than those described here.<br \/>\n<br \/>\n<strong>Cookies<\/strong><br \/>In certain cases, so-called temporary cookies are used. These do not contain any personal data and are automatically deleted at the end of the session when you close your web browser.<br \/>\n<br \/>\nIn the case of a link, cookies from third party providers may be used without us being able to expressly point this out to you. The common browsers allow you to set the processing of such cookies so that you can deactivate the storage of these cookies or set the type of processing by your browser.<br \/>\n<br \/>\n<strong>Collection of personal data in online forms<\/strong><br \/>\nIf we ask you to provide personal data (e.g. name, address or e-mail address) within the scope of this offer, we will tell you in the respective online form for what purpose we collect it and how we process it. It is your free decision whether you provide this data.<br \/>\n<br \/>\n<strong>Disclosure rights<\/strong><br \/>Rights to information can be asserted in writing or by e-mail against the offices named in the imprint. This also applies to contradictions to a given declaration of consent.<br \/>\n<br \/>\n<strong>Google Maps<\/strong><br \/>\nIf required, we integrate the maps of the service &#8220;Google Maps&#8221; of the provider<br \/>\nGoogle LLC, 1600 Amphitheatre Parkway, Mountain View, CA 94043, USA.<br \/>\nPrivacy Policy: https:\/\/www.google.com\/policies\/privacy\/, Opt-Out: https:\/\/adssettings.google.com\/authenticated.<br \/>\n<br \/>\n<strong>Google Web Fonts<\/strong><br \/>This page uses so-called web fonts to display the font. These are provided by Google (http:\/\/www.google.com\/webfonts\/). To do this, your browser loads the required web font into your browser cache when you visit our site. This is necessary so that your browser can also show an optically improved representation of our texts. If your browser does not support this feature, your computer will use a standard font for display.<br \/>\nMore information about Google Web Fonts can be found at https:\/\/developers.google.com\/fonts\/faq?hl=en-GB&amp;csw=1<br \/>General information on data protection at Google can be found at http:\/\/www.google.com\/intl\/de-DE\/policies\/privacy\/<br \/>\n<br \/>\n<p><strong>Secure protocol<\/strong><br \/>This offer supports secure access via the HTTPS\/SSL protocol.<br \/>\n<br \/>\n______________________________________________________________\n<p><strong>German<\/strong><br \/>Diese <strong>Datenschutzerkl\u00e4rung<\/strong> gilt f\u00fcr das Internet-Angebot<\/p>\nPUUL Consultancy<br \/>Christiane Voith<br \/>Am Stadtbrunnen 2<br \/>\n34513 Waldeck<br \/>\nGermany<br \/>\n<br \/>\n<p>Diese ist f\u00fcr die Inhalte dieses Internet-Angebots verantwortlich. Verweise auf fremde Inhalte sind kenntlich gemacht (s.u.).<\/p>\n<p><strong>Datenverarbeitung im Auftrag<\/strong><br \/>Dieses Internet-Angebot wird im Wege der Auftragsdatenverarbeitung der Strato AG als technischem Dienstleister vorgehalten. Dabei findet keine \u00fcber das in dieser Erkl\u00e4rung dargestellte Ma\u00df hinausgehende Speicherung und Verarbeitung personenbezogener Nutzungsdaten statt.<\/p>\n<p><strong>Erhebung von Nutzungsdaten\/Nutzungsanalyse<\/strong><br \/>Beim Zugriff auf unser Internetangebot erfassen wir folgende Daten in einer Protokolldatei:\u2028\u2028- IP-Adresse in anonymisierter (verk\u00fcrzter) Form\u2028- Zeitpunkt des Zugriffs\u2028- aufgerufene Seite bzw. Name der abgerufenen Datei (URL)\u2028- Status-Informationen (z.B. Fehlercodes)\u2028- \u00fcbertragene Datenmenge\u2028- Browser-Informationen (genuttzer Web-Browser, Betriebssystem, Spracheinstellung etc.)<br \/>Die Daten werden ausschlie\u00dflich f\u00fcr statistische Zwecke genutzt. Eine Weitergabe an Dritte erfolgt nicht. Dieses Internetangebot verwendet keine Techniken, die darauf abzielen, das Zugriffsverhalten einzelner Nutzer auszuwerten. Personenbezogene Nutzungsprofile werden nicht erstellt.<\/p>\n<p><strong>Links zu anderen Webseiten<\/strong><br \/>Unser Internet-Angebot enth\u00e4lt Verweise zu Inhalten anderer Anbieter. Diese sind durch die Angabe expliziter Links (z.B. www.internetseite.de), anhand entsprechender Hinweise im Text oder die Kennzeichnung mit dem Symbol erkennbar. Au\u00dferdem werden externe Verweise in einem eigenen Browserfenster ge\u00f6ffnet. Die Nutzung dieser fremden Inhalte unterliegt gegebenenfalls anderen Vorgaben als den hier dargestellten.<\/p>\n<p><strong>Cookies<\/strong><br \/>In bestimmten F\u00e4llen werden so genannte tempor\u00e4re Cookies verwendet. Diese enthalten keine personenbezogenen Daten und werden nach Ablauf der Sitzung mit dem Schlie\u00dfen Ihres Web-Browsers automatisch gel\u00f6scht.<\/p>\n<p>Im Fall einer Verlinkung k\u00f6nnen Cookies von Drittanbietern zum Einsatz kommen, ohne dass wir Sie ausdr\u00fccklich darauf hinweisen k\u00f6nnen. Die g\u00e4ngigen Browser erlauben es, die Verarbeitung solcher Cookies festzulegen, so dass Sie das Speichern dieser Cookies deaktivieren bzw. die Art der Verarbeitung durch Ihren Browser einstellen k\u00f6nnen.<\/p>\n<p><strong>Erhebung personenbezogener Daten in Online-Formularen<\/strong><br \/>Soweit wir Sie im Rahmen dieses Angebots um die Angabe personenbezogener Daten bitten (z.B. Name, Anschrift oder E-Mail-Adresse), sagen wir Ihnen im jeweiligen Online-Formular, f\u00fcr welchen Zweck wir diese erheben und wie wir sie verarbeiten. Es unterliegt Ihrer freien Entscheidung, ob Sie diese Daten angeben.<\/p>\n<p><strong>Auskunftsrechte<\/strong><br \/>Auskunftsrechte k\u00f6nnen schriftlich oder per E-Mail gegen\u00fcber den im Impressum genannten Stellen geltend gemacht werden. Dies gilt auch f\u00fcr Widerspr\u00fcche zu einer erteilten Einwilligungserkl\u00e4rung.<\/p>\n<p><strong>Google Maps<\/strong><br \/>Wir binden bei Bedarf die Landkarten des Dienstes \u201cGoogle Maps\u201d des Anbieters Google LLC, 1600 Amphitheatre Parkway, Mountain View, CA 94043, USA, ein. Datenschutzerkl\u00e4rung: https:\/\/www.google.com\/policies\/privacy\/, Opt-Out: https:\/\/adssettings.google.com\/authenticated.<\/p>\n<p><strong>Google Webfonts<\/strong><br \/>Diese Seite verwendet zur Darstellung der Schrift sogenannte Webfonts. Diese werden von Google bereitgestellt (http:\/\/www.google.com\/webfonts\/). Dazu l\u00e4dt beim Aufrufen unserer Seite ihr Browser die ben\u00f6tigte Webfont in ihren Browsercache. Dies ist notwendig damit auch ihr Browser eine optisch verbesserte Darstellung unserer Texte anzeigen kann. Wenn ihr Browser diese Funktion nicht unterst\u00fctzt, wird eine Standardschrift von ihrem Computer zur Anzeige genutzt.<br \/>Weitergehende Informationen zu Google Webfonts finden sie unter https:\/\/developers.google.com\/fonts\/faq?hl=de-DE&amp;csw=1<br \/>Allgemeine Informationen zum Thema Datenschutz bei Google finden sie unter http:\/\/www.google.com\/intl\/de-DE\/policies\/privacy\/<\/p>\n<p><strong>Verschl\u00fcsselung<\/strong><br \/>Dieses Angebot unterst\u00fctzt den gesicherten Zugriff \u00fcber das HTTPS\/SSL-Protokoll.<\/p>\n<\/div>\n","protected":false},"excerpt":{"rendered":"<p>EnglishThis data protection declaration applies to the Internet offer. It is responsible for the contents of this internet offer. References to external contents are marked (see below). Data processing on behalf of PUUL ConsultancyChristiane VoithAm Stadtbrunnen 2 34513 Waldeck Germany The internet provider Strato AG works as a technical service provider following the order data &hellip; <\/p>\n<p class=\"link-more\"><a href=\"https:\/\/www.puul.de\/?page_id=204\" class=\"more-link\">Continue reading<span class=\"screen-reader-text\"> &#8220;Privacy Policy&#8221;<\/span><\/a><\/p>\n","protected":false},"author":1,"featured_media":0,"parent":0,"menu_order":0,"comment_status":"closed","ping_status":"closed","template":"","meta":{"footnotes":""},"class_list":["post-204","page","type-page","status-publish","hentry"],"_links":{"self":[{"href":"https:\/\/www.puul.de\/index.php?rest_route=\/wp\/v2\/pages\/204","targetHints":{"allow":["GET"]}}],"collection":[{"href":"https:\/\/www.puul.de\/index.php?rest_route=\/wp\/v2\/pages"}],"about":[{"href":"https:\/\/www.puul.de\/index.php?rest_route=\/wp\/v2\/types\/page"}],"author":[{"embeddable":true,"href":"https:\/\/www.puul.de\/index.php?rest_route=\/wp\/v2\/users\/1"}],"replies":[{"embeddable":true,"href":"https:\/\/www.puul.de\/index.php?rest_route=%2Fwp%2Fv2%2Fcomments&post=204"}],"version-history":[{"count":15,"href":"https:\/\/www.puul.de\/index.php?rest_route=\/wp\/v2\/pages\/204\/revisions"}],"predecessor-version":[{"id":321,"href":"https:\/\/www.puul.de\/index.php?rest_route=\/wp\/v2\/pages\/204\/revisions\/321"}],"wp:attachment":[{"href":"https:\/\/www.puul.de\/index.php?rest_route=%2Fwp%2Fv2%2Fmedia&parent=204"}],"curies":[{"name":"wp","href":"https:\/\/api.w.org\/{rel}","templated":true}]}}